{"id":115,"date":"2023-09-28T09:23:32","date_gmt":"2023-09-28T09:23:32","guid":{"rendered":"https:\/\/bayramogludisklinigi.com\/?page_id=115"},"modified":"2024-01-16T02:03:12","modified_gmt":"2024-01-16T02:03:12","slug":"contact","status":"publish","type":"page","link":"https:\/\/bayramogludisklinigi.com\/en\/?page_id=115","title":{"rendered":"Contact"},"content":{"rendered":"\t\t<div data-elementor-type=\"wp-page\" data-elementor-id=\"115\" class=\"elementor elementor-115\" data-elementor-post-type=\"page\">\n\t\t\t\t\t\t\t\t\t<section class=\"elementor-section elementor-top-section elementor-element elementor-element-5224acb3 elementor-section-height-min-height elementor-section-boxed elementor-section-height-default elementor-section-items-middle\" data-id=\"5224acb3\" data-element_type=\"section\" data-settings=\"{&quot;background_background&quot;:&quot;gradient&quot;}\">\n\t\t\t\t\t\t<div class=\"elementor-container elementor-column-gap-default\">\n\t\t\t\t\t<div class=\"elementor-column elementor-col-100 elementor-top-column elementor-element elementor-element-1baae5f1\" data-id=\"1baae5f1\" data-element_type=\"column\">\n\t\t\t<div class=\"elementor-widget-wrap elementor-element-populated\">\n\t\t\t\t\t\t\t\t<div class=\"elementor-element elementor-element-3d661d3b elementor-invisible elementor-widget elementor-widget-heading\" data-id=\"3d661d3b\" data-element_type=\"widget\" data-settings=\"{&quot;_animation&quot;:&quot;fadeInDown&quot;}\" data-widget_type=\"heading.default\">\n\t\t\t\t<div class=\"elementor-widget-container\">\n\t\t\t<style>\/*! elementor - v3.18.0 - 04-12-2023 *\/\n.elementor-heading-title{padding:0;margin:0;line-height:1}.elementor-widget-heading .elementor-heading-title[class*=elementor-size-]>a{color:inherit;font-size:inherit;line-height:inherit}.elementor-widget-heading .elementor-heading-title.elementor-size-small{font-size:15px}.elementor-widget-heading .elementor-heading-title.elementor-size-medium{font-size:19px}.elementor-widget-heading .elementor-heading-title.elementor-size-large{font-size:29px}.elementor-widget-heading .elementor-heading-title.elementor-size-xl{font-size:39px}.elementor-widget-heading .elementor-heading-title.elementor-size-xxl{font-size:59px}<\/style><h1 class=\"elementor-heading-title elementor-size-default\">Contact Information<\/h1>\t\t<\/div>\n\t\t\t\t<\/div>\n\t\t\t\t<div class=\"elementor-element elementor-element-5004812 elementor-align-center elementor-widget elementor-widget-breadcrumbs\" data-id=\"5004812\" data-element_type=\"widget\" data-widget_type=\"breadcrumbs.default\">\n\t\t\t\t<div class=\"elementor-widget-container\">\n\t\t\t<link rel=\"stylesheet\" href=\"https:\/\/bayramogludisklinigi.com\/en\/wp-content\/plugins\/elementor-pro\/assets\/css\/widget-theme-elements.min.css\"><p id=\"breadcrumbs\"><span><span><a href=\"https:\/\/bayramogludisklinigi.com\/en\/\">Anasayfa<\/a><\/span><\/span><\/p>\t\t<\/div>\n\t\t\t\t<\/div>\n\t\t\t\t<div class=\"elementor-element elementor-element-713d5ae3 elementor-widget elementor-widget-text-editor\" data-id=\"713d5ae3\" data-element_type=\"widget\" data-widget_type=\"text-editor.default\">\n\t\t\t\t<div class=\"elementor-widget-container\">\n\t\t\t<style>\/*! elementor - v3.18.0 - 04-12-2023 *\/\n.elementor-widget-text-editor.elementor-drop-cap-view-stacked .elementor-drop-cap{background-color:#69727d;color:#fff}.elementor-widget-text-editor.elementor-drop-cap-view-framed .elementor-drop-cap{color:#69727d;border:3px solid;background-color:transparent}.elementor-widget-text-editor:not(.elementor-drop-cap-view-default) .elementor-drop-cap{margin-top:8px}.elementor-widget-text-editor:not(.elementor-drop-cap-view-default) .elementor-drop-cap-letter{width:1em;height:1em}.elementor-widget-text-editor .elementor-drop-cap{float:left;text-align:center;line-height:1;font-size:50px}.elementor-widget-text-editor .elementor-drop-cap-letter{display:inline-block}<\/style>\t\t\t\t<p class=\"text-white lh-base\">We Want to Make You Smile with a Patient-Centered Approach.<\/p>\t\t\t\t\t\t<\/div>\n\t\t\t\t<\/div>\n\t\t\t\t\t<\/div>\n\t\t<\/div>\n\t\t\t\t\t\t\t<\/div>\n\t\t<\/section>\n\t\t\t\t<section class=\"elementor-section elementor-top-section elementor-element elementor-element-4c0de89b elementor-section-boxed elementor-section-height-default elementor-section-height-default\" data-id=\"4c0de89b\" data-element_type=\"section\">\n\t\t\t\t\t\t<div class=\"elementor-container elementor-column-gap-default\">\n\t\t\t\t\t<div class=\"elementor-column elementor-col-33 elementor-top-column elementor-element elementor-element-17ad7b87\" data-id=\"17ad7b87\" data-element_type=\"column\">\n\t\t\t<div class=\"elementor-widget-wrap elementor-element-populated\">\n\t\t\t\t\t\t\t\t<div class=\"elementor-element elementor-element-53138f14 elementor-view-stacked elementor-shape-circle elementor-position-top elementor-mobile-position-top elementor-widget elementor-widget-icon-box\" data-id=\"53138f14\" data-element_type=\"widget\" data-widget_type=\"icon-box.default\">\n\t\t\t\t<div class=\"elementor-widget-container\">\n\t\t\t<link rel=\"stylesheet\" href=\"https:\/\/bayramogludisklinigi.com\/en\/wp-content\/plugins\/elementor\/assets\/css\/widget-icon-box.min.css\">\t\t<div class=\"elementor-icon-box-wrapper\">\n\t\t\t\t\t\t<div class=\"elementor-icon-box-icon\">\n\t\t\t\t<span  class=\"elementor-icon elementor-animation-\">\n\t\t\t\t<i aria-hidden=\"true\" class=\"far fa-envelope\"><\/i>\t\t\t\t<\/span>\n\t\t\t<\/div>\n\t\t\t\t\t\t<div class=\"elementor-icon-box-content\">\n\t\t\t\t<h3 class=\"elementor-icon-box-title\">\n\t\t\t\t\t<span  >\n\t\t\t\t\t\tEmail\t\t\t\t\t<\/span>\n\t\t\t\t<\/h3>\n\t\t\t\t\t\t\t\t\t<p class=\"elementor-icon-box-description\">\n\t\t\t\t\t\tbayramogluadsp@gmail.com\t\t\t\t\t<\/p>\n\t\t\t\t\t\t\t<\/div>\n\t\t<\/div>\n\t\t\t\t<\/div>\n\t\t\t\t<\/div>\n\t\t\t\t\t<\/div>\n\t\t<\/div>\n\t\t\t\t<div class=\"elementor-column elementor-col-33 elementor-top-column elementor-element elementor-element-63d3d838\" data-id=\"63d3d838\" data-element_type=\"column\">\n\t\t\t<div class=\"elementor-widget-wrap elementor-element-populated\">\n\t\t\t\t\t\t\t\t<div class=\"elementor-element elementor-element-2736a689 elementor-view-stacked elementor-shape-circle elementor-position-top elementor-mobile-position-top elementor-widget elementor-widget-icon-box\" data-id=\"2736a689\" data-element_type=\"widget\" data-widget_type=\"icon-box.default\">\n\t\t\t\t<div class=\"elementor-widget-container\">\n\t\t\t\t\t<div class=\"elementor-icon-box-wrapper\">\n\t\t\t\t\t\t<div class=\"elementor-icon-box-icon\">\n\t\t\t\t<span  class=\"elementor-icon elementor-animation-\">\n\t\t\t\t<i aria-hidden=\"true\" class=\"fas fa-phone\"><\/i>\t\t\t\t<\/span>\n\t\t\t<\/div>\n\t\t\t\t\t\t<div class=\"elementor-icon-box-content\">\n\t\t\t\t<h3 class=\"elementor-icon-box-title\">\n\t\t\t\t\t<span  >\n\t\t\t\t\t\tPhone\t\t\t\t\t<\/span>\n\t\t\t\t<\/h3>\n\t\t\t\t\t\t\t\t\t<p class=\"elementor-icon-box-description\">\n\t\t\t\t\t\t0 216 481 54 10\t\t\t\t\t<\/p>\n\t\t\t\t\t\t\t<\/div>\n\t\t<\/div>\n\t\t\t\t<\/div>\n\t\t\t\t<\/div>\n\t\t\t\t\t<\/div>\n\t\t<\/div>\n\t\t\t\t<div class=\"elementor-column elementor-col-33 elementor-top-column elementor-element elementor-element-190464b7\" data-id=\"190464b7\" data-element_type=\"column\">\n\t\t\t<div class=\"elementor-widget-wrap elementor-element-populated\">\n\t\t\t\t\t\t\t\t<div class=\"elementor-element elementor-element-a7326f2 elementor-view-stacked elementor-shape-circle elementor-position-top elementor-mobile-position-top elementor-widget elementor-widget-icon-box\" data-id=\"a7326f2\" data-element_type=\"widget\" data-widget_type=\"icon-box.default\">\n\t\t\t\t<div class=\"elementor-widget-container\">\n\t\t\t\t\t<div class=\"elementor-icon-box-wrapper\">\n\t\t\t\t\t\t<div class=\"elementor-icon-box-icon\">\n\t\t\t\t<span  class=\"elementor-icon elementor-animation-\">\n\t\t\t\t<i aria-hidden=\"true\" class=\"fas fa-map-marker-alt\"><\/i>\t\t\t\t<\/span>\n\t\t\t<\/div>\n\t\t\t\t\t\t<div class=\"elementor-icon-box-content\">\n\t\t\t\t<h3 class=\"elementor-icon-box-title\">\n\t\t\t\t\t<span  >\n\t\t\t\t\t\tAddress\t\t\t\t\t<\/span>\n\t\t\t\t<\/h3>\n\t\t\t\t\t\t\t\t\t<p class=\"elementor-icon-box-description\">\n\t\t\t\t\t\tArma\u011fanevler Mah. Mithatpa\u015fa Caddesi. no:187\/A \u00dcmraniye \u0130stanbul\t\t\t\t\t<\/p>\n\t\t\t\t\t\t\t<\/div>\n\t\t<\/div>\n\t\t\t\t<\/div>\n\t\t\t\t<\/div>\n\t\t\t\t\t<\/div>\n\t\t<\/div>\n\t\t\t\t\t\t\t<\/div>\n\t\t<\/section>\n\t\t<div class=\"elementor-element elementor-element-95c7915 e-con-full e-flex e-con e-parent\" data-id=\"95c7915\" data-element_type=\"container\" data-settings=\"{&quot;content_width&quot;:&quot;full&quot;}\" data-core-v316-plus=\"true\">\n\t\t\t\t<div class=\"elementor-element elementor-element-d8582ee elementor-widget elementor-widget-html\" data-id=\"d8582ee\" data-element_type=\"widget\" data-widget_type=\"html.default\">\n\t\t\t\t<div class=\"elementor-widget-container\">\n\t\t\t<iframe src=\"https:\/\/www.google.com\/maps\/embed?pb=!1m18!1m12!1m3!1d385899.2303322013!2d28.810545331542247!3d40.919303558901774!2m3!1f0!2f0!3f0!3m2!1i1024!2i768!4f13.1!3m3!1m2!1s0x14cac92adef69a95%3A0x7972bb447c63944b!2zQmF5cmFtb8SfbHUgQcSfxLF6IHZlIERpxZ8gU2HEn2zEscSfxLEgUG9saWtsaW5pxJ9p!5e0!3m2!1str!2str!4v1700407823061!5m2!1str!2str\" width=\"600\" height=\"450\" style=\"border:0;\" allowfullscreen=\"\" loading=\"lazy\" referrerpolicy=\"no-referrer-when-downgrade\"><\/iframe>\t\t<\/div>\n\t\t\t\t<\/div>\n\t\t\t\t<\/div>\n\t\t\t\t\t\t\t<\/div>\n\t\t","protected":false},"excerpt":{"rendered":"<p>Contact Information We Want to Make You Smile with a Patient-Centered Approach. Email bayramogluadsp@gmail.com Phone 0 216 481 54 10 Address Arma\u011fanevler Mah. Mithatpa\u015fa Caddesi. no:187\/A \u00dcmraniye \u0130stanbul<\/p>\n","protected":false},"author":1,"featured_media":0,"parent":0,"menu_order":0,"comment_status":"closed","ping_status":"closed","template":"elementor_header_footer","meta":{"_joinchat":[],"footnotes":""},"class_list":["post-115","page","type-page","status-publish","hentry","entry"],"yoast_head":"<!-- This site is optimized with the Yoast SEO plugin v21.8 - https:\/\/yoast.com\/wordpress\/plugins\/seo\/ -->\n<title>Contact - Bayramo\u011flu Di\u015f Klini\u011fi<\/title>\n<meta name=\"robots\" content=\"index, follow, max-snippet:-1, max-image-preview:large, max-video-preview:-1\" \/>\n<link rel=\"canonical\" href=\"https:\/\/bayramogludisklinigi.com\/en\/?page_id=115\" \/>\n<meta property=\"og:locale\" content=\"tr_TR\" \/>\n<meta property=\"og:type\" content=\"article\" \/>\n<meta property=\"og:title\" content=\"Contact - Bayramo\u011flu Di\u015f Klini\u011fi\" \/>\n<meta property=\"og:description\" content=\"Contact Information We Want to Make You Smile with a Patient-Centered Approach. Email bayramogluadsp@gmail.com Phone 0 216 481 54 10 Address Arma\u011fanevler Mah. Mithatpa\u015fa Caddesi. no:187\/A \u00dcmraniye \u0130stanbul\" \/>\n<meta property=\"og:url\" content=\"https:\/\/bayramogludisklinigi.com\/en\/?page_id=115\" \/>\n<meta property=\"og:site_name\" content=\"Bayramo\u011flu Di\u015f Klini\u011fi\" \/>\n<meta property=\"article:modified_time\" content=\"2024-01-16T02:03:12+00:00\" \/>\n<meta name=\"twitter:card\" content=\"summary_large_image\" \/>\n<meta name=\"twitter:label1\" content=\"Tahmini okuma s\u00fcresi\" \/>\n\t<meta name=\"twitter:data1\" content=\"1 dakika\" \/>\n<script type=\"application\/ld+json\" class=\"yoast-schema-graph\">{\"@context\":\"https:\/\/schema.org\",\"@graph\":[{\"@type\":\"WebPage\",\"@id\":\"https:\/\/bayramogludisklinigi.com\/en\/?page_id=115\",\"url\":\"https:\/\/bayramogludisklinigi.com\/en\/?page_id=115\",\"name\":\"Contact - Bayramo\u011flu Di\u015f Klini\u011fi\",\"isPartOf\":{\"@id\":\"https:\/\/bayramogludisklinigi.com\/en\/#website\"},\"datePublished\":\"2023-09-28T09:23:32+00:00\",\"dateModified\":\"2024-01-16T02:03:12+00:00\",\"breadcrumb\":{\"@id\":\"https:\/\/bayramogludisklinigi.com\/en\/?page_id=115#breadcrumb\"},\"inLanguage\":\"tr\",\"potentialAction\":[{\"@type\":\"ReadAction\",\"target\":[\"https:\/\/bayramogludisklinigi.com\/en\/?page_id=115\"]}]},{\"@type\":\"BreadcrumbList\",\"@id\":\"https:\/\/bayramogludisklinigi.com\/en\/?page_id=115#breadcrumb\",\"itemListElement\":[{\"@type\":\"ListItem\",\"position\":1,\"name\":\"Anasayfa\",\"item\":\"https:\/\/bayramogludisklinigi.com\/en\/\"},{\"@type\":\"ListItem\",\"position\":2,\"name\":\"Contact\"}]},{\"@type\":\"WebSite\",\"@id\":\"https:\/\/bayramogludisklinigi.com\/en\/#website\",\"url\":\"https:\/\/bayramogludisklinigi.com\/en\/\",\"name\":\"Bayramo\u011flu Di\u015f Klini\u011fi\",\"description\":\"G\u00fcl\u00fc\u015f\u00fcn\u00fcze Hayat Verin\",\"publisher\":{\"@id\":\"https:\/\/bayramogludisklinigi.com\/en\/#organization\"},\"potentialAction\":[{\"@type\":\"SearchAction\",\"target\":{\"@type\":\"EntryPoint\",\"urlTemplate\":\"https:\/\/bayramogludisklinigi.com\/en\/?s={search_term_string}\"},\"query-input\":\"required name=search_term_string\"}],\"inLanguage\":\"tr\"},{\"@type\":\"Organization\",\"@id\":\"https:\/\/bayramogludisklinigi.com\/en\/#organization\",\"name\":\"Bayramo\u011flu Di\u015f Klini\u011fi\",\"url\":\"https:\/\/bayramogludisklinigi.com\/en\/\",\"logo\":{\"@type\":\"ImageObject\",\"inLanguage\":\"tr\",\"@id\":\"https:\/\/bayramogludisklinigi.com\/en\/#\/schema\/logo\/image\/\",\"url\":\"https:\/\/bayramogludisklinigi.com\/en\/wp-content\/uploads\/2023\/10\/cropped-icon.png\",\"contentUrl\":\"https:\/\/bayramogludisklinigi.com\/en\/wp-content\/uploads\/2023\/10\/cropped-icon.png\",\"width\":82,\"height\":86,\"caption\":\"Bayramo\u011flu Di\u015f Klini\u011fi\"},\"image\":{\"@id\":\"https:\/\/bayramogludisklinigi.com\/en\/#\/schema\/logo\/image\/\"}}]}<\/script>\n<!-- \/ Yoast SEO plugin. -->","yoast_head_json":{"title":"Contact - Bayramo\u011flu Di\u015f Klini\u011fi","robots":{"index":"index","follow":"follow","max-snippet":"max-snippet:-1","max-image-preview":"max-image-preview:large","max-video-preview":"max-video-preview:-1"},"canonical":"https:\/\/bayramogludisklinigi.com\/en\/?page_id=115","og_locale":"tr_TR","og_type":"article","og_title":"Contact - Bayramo\u011flu Di\u015f Klini\u011fi","og_description":"Contact Information We Want to Make You Smile with a Patient-Centered Approach. Email bayramogluadsp@gmail.com Phone 0 216 481 54 10 Address Arma\u011fanevler Mah. Mithatpa\u015fa Caddesi. no:187\/A \u00dcmraniye \u0130stanbul","og_url":"https:\/\/bayramogludisklinigi.com\/en\/?page_id=115","og_site_name":"Bayramo\u011flu Di\u015f Klini\u011fi","article_modified_time":"2024-01-16T02:03:12+00:00","twitter_card":"summary_large_image","twitter_misc":{"Tahmini okuma s\u00fcresi":"1 dakika"},"schema":{"@context":"https:\/\/schema.org","@graph":[{"@type":"WebPage","@id":"https:\/\/bayramogludisklinigi.com\/en\/?page_id=115","url":"https:\/\/bayramogludisklinigi.com\/en\/?page_id=115","name":"Contact - Bayramo\u011flu Di\u015f Klini\u011fi","isPartOf":{"@id":"https:\/\/bayramogludisklinigi.com\/en\/#website"},"datePublished":"2023-09-28T09:23:32+00:00","dateModified":"2024-01-16T02:03:12+00:00","breadcrumb":{"@id":"https:\/\/bayramogludisklinigi.com\/en\/?page_id=115#breadcrumb"},"inLanguage":"tr","potentialAction":[{"@type":"ReadAction","target":["https:\/\/bayramogludisklinigi.com\/en\/?page_id=115"]}]},{"@type":"BreadcrumbList","@id":"https:\/\/bayramogludisklinigi.com\/en\/?page_id=115#breadcrumb","itemListElement":[{"@type":"ListItem","position":1,"name":"Anasayfa","item":"https:\/\/bayramogludisklinigi.com\/en\/"},{"@type":"ListItem","position":2,"name":"Contact"}]},{"@type":"WebSite","@id":"https:\/\/bayramogludisklinigi.com\/en\/#website","url":"https:\/\/bayramogludisklinigi.com\/en\/","name":"Bayramo\u011flu Di\u015f Klini\u011fi","description":"G\u00fcl\u00fc\u015f\u00fcn\u00fcze Hayat Verin","publisher":{"@id":"https:\/\/bayramogludisklinigi.com\/en\/#organization"},"potentialAction":[{"@type":"SearchAction","target":{"@type":"EntryPoint","urlTemplate":"https:\/\/bayramogludisklinigi.com\/en\/?s={search_term_string}"},"query-input":"required name=search_term_string"}],"inLanguage":"tr"},{"@type":"Organization","@id":"https:\/\/bayramogludisklinigi.com\/en\/#organization","name":"Bayramo\u011flu Di\u015f Klini\u011fi","url":"https:\/\/bayramogludisklinigi.com\/en\/","logo":{"@type":"ImageObject","inLanguage":"tr","@id":"https:\/\/bayramogludisklinigi.com\/en\/#\/schema\/logo\/image\/","url":"https:\/\/bayramogludisklinigi.com\/en\/wp-content\/uploads\/2023\/10\/cropped-icon.png","contentUrl":"https:\/\/bayramogludisklinigi.com\/en\/wp-content\/uploads\/2023\/10\/cropped-icon.png","width":82,"height":86,"caption":"Bayramo\u011flu Di\u015f Klini\u011fi"},"image":{"@id":"https:\/\/bayramogludisklinigi.com\/en\/#\/schema\/logo\/image\/"}}]}},"_links":{"self":[{"href":"https:\/\/bayramogludisklinigi.com\/en\/index.php?rest_route=\/wp\/v2\/pages\/115","targetHints":{"allow":["GET"]}}],"collection":[{"href":"https:\/\/bayramogludisklinigi.com\/en\/index.php?rest_route=\/wp\/v2\/pages"}],"about":[{"href":"https:\/\/bayramogludisklinigi.com\/en\/index.php?rest_route=\/wp\/v2\/types\/page"}],"author":[{"embeddable":true,"href":"https:\/\/bayramogludisklinigi.com\/en\/index.php?rest_route=\/wp\/v2\/users\/1"}],"replies":[{"embeddable":true,"href":"https:\/\/bayramogludisklinigi.com\/en\/index.php?rest_route=%2Fwp%2Fv2%2Fcomments&post=115"}],"version-history":[{"count":23,"href":"https:\/\/bayramogludisklinigi.com\/en\/index.php?rest_route=\/wp\/v2\/pages\/115\/revisions"}],"predecessor-version":[{"id":802,"href":"https:\/\/bayramogludisklinigi.com\/en\/index.php?rest_route=\/wp\/v2\/pages\/115\/revisions\/802"}],"wp:attachment":[{"href":"https:\/\/bayramogludisklinigi.com\/en\/index.php?rest_route=%2Fwp%2Fv2%2Fmedia&parent=115"}],"curies":[{"name":"wp","href":"https:\/\/api.w.org\/{rel}","templated":true}]}}