{"id":96,"date":"2023-09-28T09:15:26","date_gmt":"2023-09-28T09:15:26","guid":{"rendered":"https:\/\/bayramogludisklinigi.com\/?page_id=96"},"modified":"2024-01-16T02:01:23","modified_gmt":"2024-01-16T02:01:23","slug":"about-us","status":"publish","type":"page","link":"https:\/\/bayramogludisklinigi.com\/en\/?page_id=96","title":{"rendered":"About us"},"content":{"rendered":"\t\t<div data-elementor-type=\"wp-page\" data-elementor-id=\"96\" class=\"elementor elementor-96\" data-elementor-post-type=\"page\">\n\t\t\t\t\t\t\t\t\t<section class=\"elementor-section elementor-top-section elementor-element elementor-element-b179528 elementor-section-height-min-height elementor-section-boxed elementor-section-height-default elementor-section-items-middle\" data-id=\"b179528\" data-element_type=\"section\" data-settings=\"{&quot;background_background&quot;:&quot;gradient&quot;}\">\n\t\t\t\t\t\t<div class=\"elementor-container elementor-column-gap-default\">\n\t\t\t\t\t<div class=\"elementor-column elementor-col-100 elementor-top-column elementor-element elementor-element-2810105f\" data-id=\"2810105f\" data-element_type=\"column\">\n\t\t\t<div class=\"elementor-widget-wrap elementor-element-populated\">\n\t\t\t\t\t\t\t\t<div class=\"elementor-element elementor-element-41136c27 elementor-invisible elementor-widget elementor-widget-heading\" data-id=\"41136c27\" data-element_type=\"widget\" data-settings=\"{&quot;_animation&quot;:&quot;fadeInDown&quot;}\" data-widget_type=\"heading.default\">\n\t\t\t\t<div class=\"elementor-widget-container\">\n\t\t\t<style>\/*! elementor - v3.18.0 - 04-12-2023 *\/\n.elementor-heading-title{padding:0;margin:0;line-height:1}.elementor-widget-heading .elementor-heading-title[class*=elementor-size-]>a{color:inherit;font-size:inherit;line-height:inherit}.elementor-widget-heading .elementor-heading-title.elementor-size-small{font-size:15px}.elementor-widget-heading .elementor-heading-title.elementor-size-medium{font-size:19px}.elementor-widget-heading .elementor-heading-title.elementor-size-large{font-size:29px}.elementor-widget-heading .elementor-heading-title.elementor-size-xl{font-size:39px}.elementor-widget-heading .elementor-heading-title.elementor-size-xxl{font-size:59px}<\/style><h1 class=\"elementor-heading-title elementor-size-default\">About us<\/h1>\t\t<\/div>\n\t\t\t\t<\/div>\n\t\t\t\t<div class=\"elementor-element elementor-element-2375e24 elementor-align-center elementor-widget elementor-widget-breadcrumbs\" data-id=\"2375e24\" data-element_type=\"widget\" data-widget_type=\"breadcrumbs.default\">\n\t\t\t\t<div class=\"elementor-widget-container\">\n\t\t\t<link rel=\"stylesheet\" href=\"https:\/\/bayramogludisklinigi.com\/en\/wp-content\/plugins\/elementor-pro\/assets\/css\/widget-theme-elements.min.css\"><p id=\"breadcrumbs\"><span><span><a href=\"https:\/\/bayramogludisklinigi.com\/en\/\">Anasayfa<\/a><\/span><\/span><\/p>\t\t<\/div>\n\t\t\t\t<\/div>\n\t\t\t\t<div class=\"elementor-element elementor-element-fa05aef elementor-widget elementor-widget-text-editor\" data-id=\"fa05aef\" data-element_type=\"widget\" data-widget_type=\"text-editor.default\">\n\t\t\t\t<div class=\"elementor-widget-container\">\n\t\t\t<style>\/*! elementor - v3.18.0 - 04-12-2023 *\/\n.elementor-widget-text-editor.elementor-drop-cap-view-stacked .elementor-drop-cap{background-color:#69727d;color:#fff}.elementor-widget-text-editor.elementor-drop-cap-view-framed .elementor-drop-cap{color:#69727d;border:3px solid;background-color:transparent}.elementor-widget-text-editor:not(.elementor-drop-cap-view-default) .elementor-drop-cap{margin-top:8px}.elementor-widget-text-editor:not(.elementor-drop-cap-view-default) .elementor-drop-cap-letter{width:1em;height:1em}.elementor-widget-text-editor .elementor-drop-cap{float:left;text-align:center;line-height:1;font-size:50px}.elementor-widget-text-editor .elementor-drop-cap-letter{display:inline-block}<\/style>\t\t\t\t<p>S\u00fcleyman Hilmi Bayramo\u011flu, who started providing services in \u00dcmraniye Sondurak in 2007, continues to offer services for all your dental treatment needs with his innovative and dynamic team at BAYRAMO\u011eLU ORAL AND DENTAL HEALTH POLYCLINIC opened in 2019.<\/p>\t\t\t\t\t\t<\/div>\n\t\t\t\t<\/div>\n\t\t\t\t\t<\/div>\n\t\t<\/div>\n\t\t\t\t\t\t\t<\/div>\n\t\t<\/section>\n\t\t\t\t\t\t\t<\/div>\n\t\t","protected":false},"excerpt":{"rendered":"<p>About us S\u00fcleyman Hilmi Bayramo\u011flu, who started providing services in \u00dcmraniye Sondurak in 2007, continues to offer services for all your dental treatment needs with his innovative and dynamic team at BAYRAMO\u011eLU ORAL AND DENTAL HEALTH POLYCLINIC opened in 2019.<\/p>\n","protected":false},"author":1,"featured_media":0,"parent":0,"menu_order":0,"comment_status":"closed","ping_status":"closed","template":"elementor_header_footer","meta":{"_joinchat":[],"footnotes":""},"class_list":["post-96","page","type-page","status-publish","hentry","entry"],"yoast_head":"<!-- This site is optimized with the Yoast SEO plugin v21.8 - https:\/\/yoast.com\/wordpress\/plugins\/seo\/ -->\n<title>About us - Bayramo\u011flu Di\u015f Klini\u011fi<\/title>\n<meta name=\"robots\" content=\"index, follow, max-snippet:-1, max-image-preview:large, max-video-preview:-1\" \/>\n<link rel=\"canonical\" href=\"https:\/\/bayramogludisklinigi.com\/en\/?page_id=96\" \/>\n<meta property=\"og:locale\" content=\"tr_TR\" \/>\n<meta property=\"og:type\" content=\"article\" \/>\n<meta property=\"og:title\" content=\"About us - Bayramo\u011flu Di\u015f Klini\u011fi\" \/>\n<meta property=\"og:description\" content=\"About us S\u00fcleyman Hilmi Bayramo\u011flu, who started providing services in \u00dcmraniye Sondurak in 2007, continues to offer services for all your dental treatment needs with his innovative and dynamic team at BAYRAMO\u011eLU ORAL AND DENTAL HEALTH POLYCLINIC opened in 2019.\" \/>\n<meta property=\"og:url\" content=\"https:\/\/bayramogludisklinigi.com\/en\/?page_id=96\" \/>\n<meta property=\"og:site_name\" content=\"Bayramo\u011flu Di\u015f Klini\u011fi\" \/>\n<meta property=\"article:modified_time\" content=\"2024-01-16T02:01:23+00:00\" \/>\n<meta name=\"twitter:card\" content=\"summary_large_image\" \/>\n<meta name=\"twitter:label1\" content=\"Tahmini okuma s\u00fcresi\" \/>\n\t<meta name=\"twitter:data1\" content=\"1 dakika\" \/>\n<script type=\"application\/ld+json\" class=\"yoast-schema-graph\">{\"@context\":\"https:\/\/schema.org\",\"@graph\":[{\"@type\":\"WebPage\",\"@id\":\"https:\/\/bayramogludisklinigi.com\/en\/?page_id=96\",\"url\":\"https:\/\/bayramogludisklinigi.com\/en\/?page_id=96\",\"name\":\"About us - Bayramo\u011flu Di\u015f Klini\u011fi\",\"isPartOf\":{\"@id\":\"https:\/\/bayramogludisklinigi.com\/en\/#website\"},\"datePublished\":\"2023-09-28T09:15:26+00:00\",\"dateModified\":\"2024-01-16T02:01:23+00:00\",\"breadcrumb\":{\"@id\":\"https:\/\/bayramogludisklinigi.com\/en\/?page_id=96#breadcrumb\"},\"inLanguage\":\"tr\",\"potentialAction\":[{\"@type\":\"ReadAction\",\"target\":[\"https:\/\/bayramogludisklinigi.com\/en\/?page_id=96\"]}]},{\"@type\":\"BreadcrumbList\",\"@id\":\"https:\/\/bayramogludisklinigi.com\/en\/?page_id=96#breadcrumb\",\"itemListElement\":[{\"@type\":\"ListItem\",\"position\":1,\"name\":\"Anasayfa\",\"item\":\"https:\/\/bayramogludisklinigi.com\/en\/\"},{\"@type\":\"ListItem\",\"position\":2,\"name\":\"About us\"}]},{\"@type\":\"WebSite\",\"@id\":\"https:\/\/bayramogludisklinigi.com\/en\/#website\",\"url\":\"https:\/\/bayramogludisklinigi.com\/en\/\",\"name\":\"Bayramo\u011flu Di\u015f Klini\u011fi\",\"description\":\"G\u00fcl\u00fc\u015f\u00fcn\u00fcze Hayat Verin\",\"publisher\":{\"@id\":\"https:\/\/bayramogludisklinigi.com\/en\/#organization\"},\"potentialAction\":[{\"@type\":\"SearchAction\",\"target\":{\"@type\":\"EntryPoint\",\"urlTemplate\":\"https:\/\/bayramogludisklinigi.com\/en\/?s={search_term_string}\"},\"query-input\":\"required name=search_term_string\"}],\"inLanguage\":\"tr\"},{\"@type\":\"Organization\",\"@id\":\"https:\/\/bayramogludisklinigi.com\/en\/#organization\",\"name\":\"Bayramo\u011flu Di\u015f Klini\u011fi\",\"url\":\"https:\/\/bayramogludisklinigi.com\/en\/\",\"logo\":{\"@type\":\"ImageObject\",\"inLanguage\":\"tr\",\"@id\":\"https:\/\/bayramogludisklinigi.com\/en\/#\/schema\/logo\/image\/\",\"url\":\"https:\/\/bayramogludisklinigi.com\/en\/wp-content\/uploads\/2023\/10\/cropped-icon.png\",\"contentUrl\":\"https:\/\/bayramogludisklinigi.com\/en\/wp-content\/uploads\/2023\/10\/cropped-icon.png\",\"width\":82,\"height\":86,\"caption\":\"Bayramo\u011flu Di\u015f Klini\u011fi\"},\"image\":{\"@id\":\"https:\/\/bayramogludisklinigi.com\/en\/#\/schema\/logo\/image\/\"}}]}<\/script>\n<!-- \/ Yoast SEO plugin. -->","yoast_head_json":{"title":"About us - Bayramo\u011flu Di\u015f Klini\u011fi","robots":{"index":"index","follow":"follow","max-snippet":"max-snippet:-1","max-image-preview":"max-image-preview:large","max-video-preview":"max-video-preview:-1"},"canonical":"https:\/\/bayramogludisklinigi.com\/en\/?page_id=96","og_locale":"tr_TR","og_type":"article","og_title":"About us - Bayramo\u011flu Di\u015f Klini\u011fi","og_description":"About us S\u00fcleyman Hilmi Bayramo\u011flu, who started providing services in \u00dcmraniye Sondurak in 2007, continues to offer services for all your dental treatment needs with his innovative and dynamic team at BAYRAMO\u011eLU ORAL AND DENTAL HEALTH POLYCLINIC opened in 2019.","og_url":"https:\/\/bayramogludisklinigi.com\/en\/?page_id=96","og_site_name":"Bayramo\u011flu Di\u015f Klini\u011fi","article_modified_time":"2024-01-16T02:01:23+00:00","twitter_card":"summary_large_image","twitter_misc":{"Tahmini okuma s\u00fcresi":"1 dakika"},"schema":{"@context":"https:\/\/schema.org","@graph":[{"@type":"WebPage","@id":"https:\/\/bayramogludisklinigi.com\/en\/?page_id=96","url":"https:\/\/bayramogludisklinigi.com\/en\/?page_id=96","name":"About us - Bayramo\u011flu Di\u015f Klini\u011fi","isPartOf":{"@id":"https:\/\/bayramogludisklinigi.com\/en\/#website"},"datePublished":"2023-09-28T09:15:26+00:00","dateModified":"2024-01-16T02:01:23+00:00","breadcrumb":{"@id":"https:\/\/bayramogludisklinigi.com\/en\/?page_id=96#breadcrumb"},"inLanguage":"tr","potentialAction":[{"@type":"ReadAction","target":["https:\/\/bayramogludisklinigi.com\/en\/?page_id=96"]}]},{"@type":"BreadcrumbList","@id":"https:\/\/bayramogludisklinigi.com\/en\/?page_id=96#breadcrumb","itemListElement":[{"@type":"ListItem","position":1,"name":"Anasayfa","item":"https:\/\/bayramogludisklinigi.com\/en\/"},{"@type":"ListItem","position":2,"name":"About us"}]},{"@type":"WebSite","@id":"https:\/\/bayramogludisklinigi.com\/en\/#website","url":"https:\/\/bayramogludisklinigi.com\/en\/","name":"Bayramo\u011flu Di\u015f Klini\u011fi","description":"G\u00fcl\u00fc\u015f\u00fcn\u00fcze Hayat Verin","publisher":{"@id":"https:\/\/bayramogludisklinigi.com\/en\/#organization"},"potentialAction":[{"@type":"SearchAction","target":{"@type":"EntryPoint","urlTemplate":"https:\/\/bayramogludisklinigi.com\/en\/?s={search_term_string}"},"query-input":"required name=search_term_string"}],"inLanguage":"tr"},{"@type":"Organization","@id":"https:\/\/bayramogludisklinigi.com\/en\/#organization","name":"Bayramo\u011flu Di\u015f Klini\u011fi","url":"https:\/\/bayramogludisklinigi.com\/en\/","logo":{"@type":"ImageObject","inLanguage":"tr","@id":"https:\/\/bayramogludisklinigi.com\/en\/#\/schema\/logo\/image\/","url":"https:\/\/bayramogludisklinigi.com\/en\/wp-content\/uploads\/2023\/10\/cropped-icon.png","contentUrl":"https:\/\/bayramogludisklinigi.com\/en\/wp-content\/uploads\/2023\/10\/cropped-icon.png","width":82,"height":86,"caption":"Bayramo\u011flu Di\u015f Klini\u011fi"},"image":{"@id":"https:\/\/bayramogludisklinigi.com\/en\/#\/schema\/logo\/image\/"}}]}},"_links":{"self":[{"href":"https:\/\/bayramogludisklinigi.com\/en\/index.php?rest_route=\/wp\/v2\/pages\/96","targetHints":{"allow":["GET"]}}],"collection":[{"href":"https:\/\/bayramogludisklinigi.com\/en\/index.php?rest_route=\/wp\/v2\/pages"}],"about":[{"href":"https:\/\/bayramogludisklinigi.com\/en\/index.php?rest_route=\/wp\/v2\/types\/page"}],"author":[{"embeddable":true,"href":"https:\/\/bayramogludisklinigi.com\/en\/index.php?rest_route=\/wp\/v2\/users\/1"}],"replies":[{"embeddable":true,"href":"https:\/\/bayramogludisklinigi.com\/en\/index.php?rest_route=%2Fwp%2Fv2%2Fcomments&post=96"}],"version-history":[{"count":21,"href":"https:\/\/bayramogludisklinigi.com\/en\/index.php?rest_route=\/wp\/v2\/pages\/96\/revisions"}],"predecessor-version":[{"id":799,"href":"https:\/\/bayramogludisklinigi.com\/en\/index.php?rest_route=\/wp\/v2\/pages\/96\/revisions\/799"}],"wp:attachment":[{"href":"https:\/\/bayramogludisklinigi.com\/en\/index.php?rest_route=%2Fwp%2Fv2%2Fmedia&parent=96"}],"curies":[{"name":"wp","href":"https:\/\/api.w.org\/{rel}","templated":true}]}}